{"id":56,"date":"2024-10-12T22:11:03","date_gmt":"2024-10-12T22:11:03","guid":{"rendered":"https:\/\/nobushisushi.com.br\/?page_id=56"},"modified":"2024-11-12T22:50:21","modified_gmt":"2024-11-12T22:50:21","slug":"home","status":"publish","type":"page","link":"https:\/\/nobushisushi.com.br\/","title":{"rendered":"Home"},"content":{"rendered":"\t\t<div data-elementor-type=\"wp-page\" data-elementor-id=\"56\" class=\"elementor elementor-56\">\n\t\t\t\t<div class=\"elementor-element elementor-element-7962ed0 e-flex e-con-boxed e-con e-parent\" data-id=\"7962ed0\" data-element_type=\"container\" data-settings=\"{&quot;background_background&quot;:&quot;classic&quot;}\">\n\t\t\t\t\t<div class=\"e-con-inner\">\n\t\t\t\t<div class=\"elementor-element elementor-element-4229a88 elementor-widget elementor-widget-heading\" data-id=\"4229a88\" data-element_type=\"widget\" data-widget_type=\"heading.default\">\n\t\t\t\t<div class=\"elementor-widget-container\">\n\t\t\t<h2 class=\"elementor-heading-title elementor-size-default\">Bem-vindo ao Nobushi Sushi!<\/h2>\t\t<\/div>\n\t\t\t\t<\/div>\n\t\t\t\t\t<\/div>\n\t\t\t\t<\/div>\n\t\t<div class=\"elementor-element elementor-element-088f2f9 e-flex e-con-boxed e-con e-parent\" data-id=\"088f2f9\" data-element_type=\"container\">\n\t\t\t\t\t<div class=\"e-con-inner\">\n\t\t<div class=\"elementor-element elementor-element-d1cd6e8 e-con-full e-flex e-con e-child\" data-id=\"d1cd6e8\" data-element_type=\"container\">\n\t\t\t\t<div class=\"elementor-element elementor-element-b1d0933 elementor-widget elementor-widget-heading\" data-id=\"b1d0933\" data-element_type=\"widget\" data-widget_type=\"heading.default\">\n\t\t\t\t<div class=\"elementor-widget-container\">\n\t\t\t<h2 class=\"elementor-heading-title elementor-size-default\">Nobushi Sushi<\/h2>\t\t<\/div>\n\t\t\t\t<\/div>\n\t\t\t\t<div class=\"elementor-element elementor-element-d6ff515 elementor-widget elementor-widget-text-editor\" data-id=\"d6ff515\" data-element_type=\"widget\" data-widget_type=\"text-editor.default\">\n\t\t\t\t<div class=\"elementor-widget-container\">\n\t\t\t\t\t\t\t<p>Descubra o aut\u00eantico sabor do Jap\u00e3o sem sair da cidade. No Nobushi Sushi, cada prato \u00e9 uma obra de arte culin\u00e1ria, feita com ingredientes frescos e selecionados, trazendo a tradi\u00e7\u00e3o e a modernidade da gastronomia japonesa para a sua mesa.<\/p>\t\t\t\t\t\t<\/div>\n\t\t\t\t<\/div>\n\t\t\t\t<div class=\"elementor-element elementor-element-55795d9 elementor-widget elementor-widget-button\" data-id=\"55795d9\" data-element_type=\"widget\" data-widget_type=\"button.default\">\n\t\t\t\t<div class=\"elementor-widget-container\">\n\t\t\t\t\t<div class=\"elementor-button-wrapper\">\n\t\t\t<a class=\"elementor-button elementor-button-link elementor-size-sm\" href=\"#\">\n\t\t\t\t\t\t<span class=\"elementor-button-content-wrapper\">\n\t\t\t\t\t\t\t\t\t<span class=\"elementor-button-text\">Confira nosso ambiente<\/span>\n\t\t\t\t\t<\/span>\n\t\t\t\t\t<\/a>\n\t\t<\/div>\n\t\t\t\t<\/div>\n\t\t\t\t<\/div>\n\t\t\t\t<\/div>\n\t\t<div class=\"elementor-element elementor-element-ec5a186 e-con-full e-flex e-con e-child\" data-id=\"ec5a186\" data-element_type=\"container\">\n\t\t\t\t<div class=\"elementor-element elementor-element-3d8ba60 elementor-widget elementor-widget-image\" data-id=\"3d8ba60\" data-element_type=\"widget\" data-widget_type=\"image.default\">\n\t\t\t\t<div class=\"elementor-widget-container\">\n\t\t\t\t\t\t\t\t\t\t\t\t\t<img fetchpriority=\"high\" decoding=\"async\" width=\"800\" height=\"502\" src=\"https:\/\/nobushisushi.com.br\/wp-content\/uploads\/2024\/10\/Sobre-o-restaurante-1024x642.png\" class=\"attachment-large size-large wp-image-136\" alt=\"\" srcset=\"https:\/\/nobushisushi.com.br\/wp-content\/uploads\/2024\/10\/Sobre-o-restaurante-1024x642.png 1024w, https:\/\/nobushisushi.com.br\/wp-content\/uploads\/2024\/10\/Sobre-o-restaurante-300x188.png 300w, https:\/\/nobushisushi.com.br\/wp-content\/uploads\/2024\/10\/Sobre-o-restaurante-768x481.png 768w, https:\/\/nobushisushi.com.br\/wp-content\/uploads\/2024\/10\/Sobre-o-restaurante.png 1058w\" sizes=\"(max-width: 800px) 100vw, 800px\" \/>\t\t\t\t\t\t\t\t\t\t\t\t\t<\/div>\n\t\t\t\t<\/div>\n\t\t\t\t<\/div>\n\t\t\t\t\t<\/div>\n\t\t\t\t<\/div>\n\t\t<div class=\"elementor-element elementor-element-9335551 e-flex e-con-boxed e-con e-parent\" data-id=\"9335551\" data-element_type=\"container\" data-settings=\"{&quot;background_background&quot;:&quot;classic&quot;}\">\n\t\t\t\t\t<div class=\"e-con-inner\">\n\t\t<div class=\"elementor-element elementor-element-647186d e-con-full e-flex e-con e-child\" data-id=\"647186d\" data-element_type=\"container\">\n\t\t\t\t<div class=\"elementor-element elementor-element-4e8bfa7 elementor-widget elementor-widget-heading\" data-id=\"4e8bfa7\" data-element_type=\"widget\" data-widget_type=\"heading.default\">\n\t\t\t\t<div class=\"elementor-widget-container\">\n\t\t\t<h3 class=\"elementor-heading-title elementor-size-default\">Confira nossas experi\u00eancias<\/h3>\t\t<\/div>\n\t\t\t\t<\/div>\n\t\t\t\t<div class=\"elementor-element elementor-element-a24bb4b elementor-widget elementor-widget-text-editor\" data-id=\"a24bb4b\" data-element_type=\"widget\" data-widget_type=\"text-editor.default\">\n\t\t\t\t<div class=\"elementor-widget-container\">\n\t\t\t\t\t\t\t<p>Desfrute do melhor da culin\u00e1ria japonesa com experi\u00eancias para cada gosto.<\/p>\t\t\t\t\t\t<\/div>\n\t\t\t\t<\/div>\n\t\t\t\t<\/div>\n\t\t<div class=\"elementor-element elementor-element-8d794ef e-con-full e-flex e-con e-child\" data-id=\"8d794ef\" data-element_type=\"container\" data-settings=\"{&quot;background_background&quot;:&quot;classic&quot;}\">\n\t\t\t\t<div class=\"elementor-element elementor-element-5ebf535 elementor-widget elementor-widget-image\" data-id=\"5ebf535\" data-element_type=\"widget\" data-widget_type=\"image.default\">\n\t\t\t\t<div class=\"elementor-widget-container\">\n\t\t\t\t\t\t\t\t\t\t\t\t\t<img decoding=\"async\" width=\"222\" height=\"147\" src=\"https:\/\/nobushisushi.com.br\/wp-content\/uploads\/2024\/11\/carte.png\" class=\"attachment-medium size-medium wp-image-193\" alt=\"\" \/>\t\t\t\t\t\t\t\t\t\t\t\t\t<\/div>\n\t\t\t\t<\/div>\n\t\t\t\t<div class=\"elementor-element elementor-element-d14f22c elementor-widget elementor-widget-text-editor\" data-id=\"d14f22c\" data-element_type=\"widget\" data-widget_type=\"text-editor.default\">\n\t\t\t\t<div class=\"elementor-widget-container\">\n\t\t\t\t\t\t\t<h4 class=\"elementor-icon-box-title\"><strong>Card\u00e1pio \u00e0 la carte<\/strong><\/h4>\t\t\t\t\t\t<\/div>\n\t\t\t\t<\/div>\n\t\t\t\t<div class=\"elementor-element elementor-element-779e683 elementor-widget elementor-widget-text-editor\" data-id=\"779e683\" data-element_type=\"widget\" data-widget_type=\"text-editor.default\">\n\t\t\t\t<div class=\"elementor-widget-container\">\n\t\t\t\t\t\t\tDescubra sabores aut\u00eanticos da culin\u00e1ria em nosso card\u00e1pio \u00e0 la carte.\t\t\t\t\t\t<\/div>\n\t\t\t\t<\/div>\n\t\t\t\t<div class=\"elementor-element elementor-element-229f570 elementor-align-center elementor-widget elementor-widget-button\" data-id=\"229f570\" data-element_type=\"widget\" data-widget_type=\"button.default\">\n\t\t\t\t<div class=\"elementor-widget-container\">\n\t\t\t\t\t<div class=\"elementor-button-wrapper\">\n\t\t\t<a class=\"elementor-button elementor-button-link elementor-size-sm\" href=\"https:\/\/nobushisushi.com.br\/wp-content\/uploads\/2024\/11\/CARDAPIO-A-LA-CARTE.pdf\">\n\t\t\t\t\t\t<span class=\"elementor-button-content-wrapper\">\n\t\t\t\t\t\t\t\t\t<span class=\"elementor-button-text\">Confira nossa card\u00e1pio<\/span>\n\t\t\t\t\t<\/span>\n\t\t\t\t\t<\/a>\n\t\t<\/div>\n\t\t\t\t<\/div>\n\t\t\t\t<\/div>\n\t\t\t\t<\/div>\n\t\t<div class=\"elementor-element elementor-element-551c12c e-con-full e-flex e-con e-child\" data-id=\"551c12c\" data-element_type=\"container\" data-settings=\"{&quot;background_background&quot;:&quot;classic&quot;}\">\n\t\t\t\t<div class=\"elementor-element elementor-element-e86f81d elementor-widget elementor-widget-image\" data-id=\"e86f81d\" data-element_type=\"widget\" data-widget_type=\"image.default\">\n\t\t\t\t<div class=\"elementor-widget-container\">\n\t\t\t\t\t\t\t\t\t\t\t\t\t<img decoding=\"async\" width=\"222\" height=\"147\" src=\"https:\/\/nobushisushi.com.br\/wp-content\/uploads\/2024\/11\/rodizio.png\" class=\"attachment-large size-large wp-image-195\" alt=\"\" \/>\t\t\t\t\t\t\t\t\t\t\t\t\t<\/div>\n\t\t\t\t<\/div>\n\t\t\t\t<div class=\"elementor-element elementor-element-c4a9d6f elementor-widget elementor-widget-text-editor\" data-id=\"c4a9d6f\" data-element_type=\"widget\" data-widget_type=\"text-editor.default\">\n\t\t\t\t<div class=\"elementor-widget-container\">\n\t\t\t\t\t\t\t<h4 class=\"elementor-icon-box-title\"><strong>Festival de rod\u00edzio<\/strong><\/h4>\t\t\t\t\t\t<\/div>\n\t\t\t\t<\/div>\n\t\t\t\t<div class=\"elementor-element elementor-element-b166133 elementor-widget elementor-widget-text-editor\" data-id=\"b166133\" data-element_type=\"widget\" data-widget_type=\"text-editor.default\">\n\t\t\t\t<div class=\"elementor-widget-container\">\n\t\t\t\t\t\t\tDesfrute de uma jornada gastron\u00f4mica com nosso rod\u00edzio.\t\t\t\t\t\t<\/div>\n\t\t\t\t<\/div>\n\t\t\t\t<div class=\"elementor-element elementor-element-3dedb49 elementor-align-center elementor-widget elementor-widget-button\" data-id=\"3dedb49\" data-element_type=\"widget\" data-widget_type=\"button.default\">\n\t\t\t\t<div class=\"elementor-widget-container\">\n\t\t\t\t\t<div class=\"elementor-button-wrapper\">\n\t\t\t<a class=\"elementor-button elementor-button-link elementor-size-sm\" href=\"https:\/\/nobushisushi.com.br\/wp-content\/uploads\/2024\/11\/RODIZIO.pdf\">\n\t\t\t\t\t\t<span class=\"elementor-button-content-wrapper\">\n\t\t\t\t\t\t\t\t\t<span class=\"elementor-button-text\">Confira nossa card\u00e1pio<\/span>\n\t\t\t\t\t<\/span>\n\t\t\t\t\t<\/a>\n\t\t<\/div>\n\t\t\t\t<\/div>\n\t\t\t\t<\/div>\n\t\t\t\t<\/div>\n\t\t<div class=\"elementor-element elementor-element-e07dcb0 e-con-full e-flex e-con e-child\" data-id=\"e07dcb0\" data-element_type=\"container\" data-settings=\"{&quot;background_background&quot;:&quot;classic&quot;}\">\n\t\t\t\t<div class=\"elementor-element elementor-element-d3d6cf6 elementor-widget elementor-widget-image\" data-id=\"d3d6cf6\" data-element_type=\"widget\" data-widget_type=\"image.default\">\n\t\t\t\t<div class=\"elementor-widget-container\">\n\t\t\t\t\t\t\t\t\t\t\t\t\t<img loading=\"lazy\" decoding=\"async\" width=\"222\" height=\"147\" src=\"https:\/\/nobushisushi.com.br\/wp-content\/uploads\/2024\/11\/drinks-1.png\" class=\"attachment-large size-large wp-image-196\" alt=\"\" \/>\t\t\t\t\t\t\t\t\t\t\t\t\t<\/div>\n\t\t\t\t<\/div>\n\t\t\t\t<div class=\"elementor-element elementor-element-19a20c5 elementor-widget elementor-widget-text-editor\" data-id=\"19a20c5\" data-element_type=\"widget\" data-widget_type=\"text-editor.default\">\n\t\t\t\t<div class=\"elementor-widget-container\">\n\t\t\t\t\t\t\t<h4 class=\"elementor-icon-box-title\"><strong>Card\u00e1pio de drinks<\/strong><\/h4>\t\t\t\t\t\t<\/div>\n\t\t\t\t<\/div>\n\t\t\t\t<div class=\"elementor-element elementor-element-8b14b08 elementor-widget elementor-widget-text-editor\" data-id=\"8b14b08\" data-element_type=\"widget\" data-widget_type=\"text-editor.default\">\n\t\t\t\t<div class=\"elementor-widget-container\">\n\t\t\t\t\t\t\tDesfrute de uma jornada gastron\u00f4mica com nosso rod\u00edzio.\t\t\t\t\t\t<\/div>\n\t\t\t\t<\/div>\n\t\t\t\t<div class=\"elementor-element elementor-element-0d1a0f3 elementor-align-center elementor-widget elementor-widget-button\" data-id=\"0d1a0f3\" data-element_type=\"widget\" data-widget_type=\"button.default\">\n\t\t\t\t<div class=\"elementor-widget-container\">\n\t\t\t\t\t<div class=\"elementor-button-wrapper\">\n\t\t\t<a class=\"elementor-button elementor-button-link elementor-size-sm\" href=\"https:\/\/nobushisushi.com.br\/wp-content\/uploads\/2024\/11\/CARDAPIO-DRINKS.pdf\">\n\t\t\t\t\t\t<span class=\"elementor-button-content-wrapper\">\n\t\t\t\t\t\t\t\t\t<span class=\"elementor-button-text\">Confira nossa card\u00e1pio<\/span>\n\t\t\t\t\t<\/span>\n\t\t\t\t\t<\/a>\n\t\t<\/div>\n\t\t\t\t<\/div>\n\t\t\t\t<\/div>\n\t\t\t\t<\/div>\n\t\t\t\t\t<\/div>\n\t\t\t\t<\/div>\n\t\t<div class=\"elementor-element elementor-element-a36bffa e-flex e-con-boxed e-con e-parent\" data-id=\"a36bffa\" data-element_type=\"container\" data-settings=\"{&quot;background_background&quot;:&quot;classic&quot;}\">\n\t\t\t\t\t<div class=\"e-con-inner\">\n\t\t\t\t<div class=\"elementor-element elementor-element-b3fd750 elementor-widget elementor-widget-heading\" data-id=\"b3fd750\" data-element_type=\"widget\" data-widget_type=\"heading.default\">\n\t\t\t\t<div class=\"elementor-widget-container\">\n\t\t\t<h3 class=\"elementor-heading-title elementor-size-default\">Confira imagens de alguns de nossos pratos<\/h3>\t\t<\/div>\n\t\t\t\t<\/div>\n\t\t\t\t<div class=\"elementor-element elementor-element-98b9499 gallery-spacing-custom elementor-widget elementor-widget-image-gallery\" data-id=\"98b9499\" data-element_type=\"widget\" data-widget_type=\"image-gallery.default\">\n\t\t\t\t<div class=\"elementor-widget-container\">\n\t\t\t\t\t<div class=\"elementor-image-gallery\">\n\t\t\t<div id='gallery-1' class='gallery galleryid-56 gallery-columns-3 gallery-size-medium_large'><figure class='gallery-item'>\n\t\t\t<div class='gallery-icon portrait'>\n\t\t\t\t<a data-elementor-open-lightbox=\"yes\" data-elementor-lightbox-slideshow=\"98b9499\" data-elementor-lightbox-title=\"4\" data-e-action-hash=\"#elementor-action%3Aaction%3Dlightbox%26settings%3DeyJpZCI6MTkxLCJ1cmwiOiJodHRwczpcL1wvbm9idXNoaXN1c2hpLmNvbS5iclwvd3AtY29udGVudFwvdXBsb2Fkc1wvMjAyNFwvMTFcLzQuanBnIiwic2xpZGVzaG93IjoiOThiOTQ5OSJ9\" href='https:\/\/nobushisushi.com.br\/wp-content\/uploads\/2024\/11\/4.jpg'><img loading=\"lazy\" decoding=\"async\" width=\"640\" height=\"800\" src=\"https:\/\/nobushisushi.com.br\/wp-content\/uploads\/2024\/11\/4.jpg\" class=\"attachment-medium_large size-medium_large\" alt=\"\" srcset=\"https:\/\/nobushisushi.com.br\/wp-content\/uploads\/2024\/11\/4.jpg 640w, https:\/\/nobushisushi.com.br\/wp-content\/uploads\/2024\/11\/4-240x300.jpg 240w\" sizes=\"(max-width: 640px) 100vw, 640px\" \/><\/a>\n\t\t\t<\/div><\/figure><figure class='gallery-item'>\n\t\t\t<div class='gallery-icon portrait'>\n\t\t\t\t<a data-elementor-open-lightbox=\"yes\" data-elementor-lightbox-slideshow=\"98b9499\" data-elementor-lightbox-title=\"5\" data-e-action-hash=\"#elementor-action%3Aaction%3Dlightbox%26settings%3DeyJpZCI6MTkyLCJ1cmwiOiJodHRwczpcL1wvbm9idXNoaXN1c2hpLmNvbS5iclwvd3AtY29udGVudFwvdXBsb2Fkc1wvMjAyNFwvMTFcLzUuanBnIiwic2xpZGVzaG93IjoiOThiOTQ5OSJ9\" href='https:\/\/nobushisushi.com.br\/wp-content\/uploads\/2024\/11\/5.jpg'><img loading=\"lazy\" decoding=\"async\" width=\"640\" height=\"800\" src=\"https:\/\/nobushisushi.com.br\/wp-content\/uploads\/2024\/11\/5.jpg\" class=\"attachment-medium_large size-medium_large\" alt=\"\" srcset=\"https:\/\/nobushisushi.com.br\/wp-content\/uploads\/2024\/11\/5.jpg 640w, https:\/\/nobushisushi.com.br\/wp-content\/uploads\/2024\/11\/5-240x300.jpg 240w\" sizes=\"(max-width: 640px) 100vw, 640px\" \/><\/a>\n\t\t\t<\/div><\/figure><figure class='gallery-item'>\n\t\t\t<div class='gallery-icon portrait'>\n\t\t\t\t<a data-elementor-open-lightbox=\"yes\" data-elementor-lightbox-slideshow=\"98b9499\" data-elementor-lightbox-title=\"3\" data-e-action-hash=\"#elementor-action%3Aaction%3Dlightbox%26settings%3DeyJpZCI6MTg5LCJ1cmwiOiJodHRwczpcL1wvbm9idXNoaXN1c2hpLmNvbS5iclwvd3AtY29udGVudFwvdXBsb2Fkc1wvMjAyNFwvMTFcLzMuanBnIiwic2xpZGVzaG93IjoiOThiOTQ5OSJ9\" href='https:\/\/nobushisushi.com.br\/wp-content\/uploads\/2024\/11\/3.jpg'><img loading=\"lazy\" decoding=\"async\" width=\"640\" height=\"800\" src=\"https:\/\/nobushisushi.com.br\/wp-content\/uploads\/2024\/11\/3.jpg\" class=\"attachment-medium_large size-medium_large\" alt=\"\" srcset=\"https:\/\/nobushisushi.com.br\/wp-content\/uploads\/2024\/11\/3.jpg 640w, https:\/\/nobushisushi.com.br\/wp-content\/uploads\/2024\/11\/3-240x300.jpg 240w\" sizes=\"(max-width: 640px) 100vw, 640px\" \/><\/a>\n\t\t\t<\/div><\/figure><figure class='gallery-item'>\n\t\t\t<div class='gallery-icon portrait'>\n\t\t\t\t<a data-elementor-open-lightbox=\"yes\" data-elementor-lightbox-slideshow=\"98b9499\" data-elementor-lightbox-title=\"4 (1)\" data-e-action-hash=\"#elementor-action%3Aaction%3Dlightbox%26settings%3DeyJpZCI6MTkwLCJ1cmwiOiJodHRwczpcL1wvbm9idXNoaXN1c2hpLmNvbS5iclwvd3AtY29udGVudFwvdXBsb2Fkc1wvMjAyNFwvMTFcLzQtMS5qcGciLCJzbGlkZXNob3ciOiI5OGI5NDk5In0%3D\" href='https:\/\/nobushisushi.com.br\/wp-content\/uploads\/2024\/11\/4-1.jpg'><img loading=\"lazy\" decoding=\"async\" width=\"640\" height=\"800\" src=\"https:\/\/nobushisushi.com.br\/wp-content\/uploads\/2024\/11\/4-1.jpg\" class=\"attachment-medium_large size-medium_large\" alt=\"\" srcset=\"https:\/\/nobushisushi.com.br\/wp-content\/uploads\/2024\/11\/4-1.jpg 640w, https:\/\/nobushisushi.com.br\/wp-content\/uploads\/2024\/11\/4-1-240x300.jpg 240w\" sizes=\"(max-width: 640px) 100vw, 640px\" \/><\/a>\n\t\t\t<\/div><\/figure><figure class='gallery-item'>\n\t\t\t<div class='gallery-icon portrait'>\n\t\t\t\t<a data-elementor-open-lightbox=\"yes\" data-elementor-lightbox-slideshow=\"98b9499\" data-elementor-lightbox-title=\"2\" data-e-action-hash=\"#elementor-action%3Aaction%3Dlightbox%26settings%3DeyJpZCI6MTg4LCJ1cmwiOiJodHRwczpcL1wvbm9idXNoaXN1c2hpLmNvbS5iclwvd3AtY29udGVudFwvdXBsb2Fkc1wvMjAyNFwvMTFcLzIuanBnIiwic2xpZGVzaG93IjoiOThiOTQ5OSJ9\" href='https:\/\/nobushisushi.com.br\/wp-content\/uploads\/2024\/11\/2.jpg'><img loading=\"lazy\" decoding=\"async\" width=\"640\" height=\"800\" src=\"https:\/\/nobushisushi.com.br\/wp-content\/uploads\/2024\/11\/2.jpg\" class=\"attachment-medium_large size-medium_large\" alt=\"\" srcset=\"https:\/\/nobushisushi.com.br\/wp-content\/uploads\/2024\/11\/2.jpg 640w, https:\/\/nobushisushi.com.br\/wp-content\/uploads\/2024\/11\/2-240x300.jpg 240w\" sizes=\"(max-width: 640px) 100vw, 640px\" \/><\/a>\n\t\t\t<\/div><\/figure><figure class='gallery-item'>\n\t\t\t<div class='gallery-icon portrait'>\n\t\t\t\t<a data-elementor-open-lightbox=\"yes\" data-elementor-lightbox-slideshow=\"98b9499\" data-elementor-lightbox-title=\"1\" data-e-action-hash=\"#elementor-action%3Aaction%3Dlightbox%26settings%3DeyJpZCI6MTg3LCJ1cmwiOiJodHRwczpcL1wvbm9idXNoaXN1c2hpLmNvbS5iclwvd3AtY29udGVudFwvdXBsb2Fkc1wvMjAyNFwvMTFcLzEuanBnIiwic2xpZGVzaG93IjoiOThiOTQ5OSJ9\" href='https:\/\/nobushisushi.com.br\/wp-content\/uploads\/2024\/11\/1.jpg'><img loading=\"lazy\" decoding=\"async\" width=\"640\" height=\"800\" src=\"https:\/\/nobushisushi.com.br\/wp-content\/uploads\/2024\/11\/1.jpg\" class=\"attachment-medium_large size-medium_large\" alt=\"\" srcset=\"https:\/\/nobushisushi.com.br\/wp-content\/uploads\/2024\/11\/1.jpg 640w, https:\/\/nobushisushi.com.br\/wp-content\/uploads\/2024\/11\/1-240x300.jpg 240w\" sizes=\"(max-width: 640px) 100vw, 640px\" \/><\/a>\n\t\t\t<\/div><\/figure>\n\t\t<\/div>\n\t\t<\/div>\n\t\t\t\t<\/div>\n\t\t\t\t<\/div>\n\t\t\t\t\t<\/div>\n\t\t\t\t<\/div>\n\t\t\t\t<\/div>\n\t\t","protected":false},"excerpt":{"rendered":"<p>Bem-vindo ao Nobushi Sushi! Nobushi Sushi Descubra o aut\u00eantico sabor do Jap\u00e3o sem sair da cidade. No Nobushi Sushi, cada prato \u00e9 uma obra de arte culin\u00e1ria, feita com ingredientes frescos e selecionados, trazendo a tradi\u00e7\u00e3o e a modernidade da gastronomia japonesa para a sua mesa. Confira nosso ambiente Confira nossas experi\u00eancias Desfrute do melhor [&hellip;]<\/p>\n","protected":false},"author":1,"featured_media":0,"parent":0,"menu_order":0,"comment_status":"closed","ping_status":"closed","template":"elementor_header_footer","meta":{"inline_featured_image":false,"footnotes":""},"class_list":["post-56","page","type-page","status-publish","hentry"],"_links":{"self":[{"href":"https:\/\/nobushisushi.com.br\/index.php?rest_route=\/wp\/v2\/pages\/56","targetHints":{"allow":["GET"]}}],"collection":[{"href":"https:\/\/nobushisushi.com.br\/index.php?rest_route=\/wp\/v2\/pages"}],"about":[{"href":"https:\/\/nobushisushi.com.br\/index.php?rest_route=\/wp\/v2\/types\/page"}],"author":[{"embeddable":true,"href":"https:\/\/nobushisushi.com.br\/index.php?rest_route=\/wp\/v2\/users\/1"}],"replies":[{"embeddable":true,"href":"https:\/\/nobushisushi.com.br\/index.php?rest_route=%2Fwp%2Fv2%2Fcomments&post=56"}],"version-history":[{"count":50,"href":"https:\/\/nobushisushi.com.br\/index.php?rest_route=\/wp\/v2\/pages\/56\/revisions"}],"predecessor-version":[{"id":212,"href":"https:\/\/nobushisushi.com.br\/index.php?rest_route=\/wp\/v2\/pages\/56\/revisions\/212"}],"wp:attachment":[{"href":"https:\/\/nobushisushi.com.br\/index.php?rest_route=%2Fwp%2Fv2%2Fmedia&parent=56"}],"curies":[{"name":"wp","href":"https:\/\/api.w.org\/{rel}","templated":true}]}}